{"id":8,"date":"2020-02-17T18:19:47","date_gmt":"2020-02-17T18:19:47","guid":{"rendered":"http:\/\/kleinkunst-in-manderscheid.de\/?page_id=8"},"modified":"2024-03-07T10:00:07","modified_gmt":"2024-03-07T09:00:07","slug":"verein","status":"publish","type":"page","link":"https:\/\/kleinkunst-in-manderscheid.de\/?page_id=8","title":{"rendered":"KiM &#8211; Der Verein stellt sich vor"},"content":{"rendered":"\n<p><img loading=\"lazy\" decoding=\"async\" class=\"wp-image-214 alignleft\" src=\"https:\/\/kleinkunst-in-manderscheid.de\/wp-content\/uploads\/2021\/03\/1-LOGO_KiM_10cm_RGB.jpg\" alt=\"\" width=\"193\" height=\"126\" srcset=\"https:\/\/kleinkunst-in-manderscheid.de\/wp-content\/uploads\/2021\/03\/1-LOGO_KiM_10cm_RGB.jpg 1181w, https:\/\/kleinkunst-in-manderscheid.de\/wp-content\/uploads\/2021\/03\/1-LOGO_KiM_10cm_RGB-300x196.jpg 300w, https:\/\/kleinkunst-in-manderscheid.de\/wp-content\/uploads\/2021\/03\/1-LOGO_KiM_10cm_RGB-1024x669.jpg 1024w, https:\/\/kleinkunst-in-manderscheid.de\/wp-content\/uploads\/2021\/03\/1-LOGO_KiM_10cm_RGB-150x98.jpg 150w, https:\/\/kleinkunst-in-manderscheid.de\/wp-content\/uploads\/2021\/03\/1-LOGO_KiM_10cm_RGB-768x502.jpg 768w\" sizes=\"auto, (max-width: 193px) 100vw, 193px\" \/>Der Verein macht es sich zur Aufgabe, kulturelle Veranstaltungen in Manderscheid zu unterst\u00fctzen, zu organisieren oder auch selber durchzuf\u00fchren, die unter dem Begriff Kleinkunst einzuordnen sind.<br><br>Das &#8222;Kleine, Feine&#8220;, aber auch das &#8222;Pfiffige und Spritzige&#8220; wollen wir mit bescheidenen Mitteln zur Auff\u00fchrung, bzw. Anschauung bringen.<\/p>\n\n\n\n<p><p>Gegr\u00fcndet wurde KiM im Herbst 2007 mit dem Ziel, das kulturelle Leben in der Burgenstadt zu f\u00f6rdern und aktiv mitzugestalten.<\/p>\n<p>&nbsp;<\/p><\/p>\n\n\n\n<h2 class=\"wp-block-heading\">Mitglied werden<\/h2>\n\n\n\n<p>Unser Verein freut sich jederzeit \u00fcber neue Mitglieder. Mit Ihrem Mitgliedsbeitrag unterst\u00fctzen Sie unsere Arbeit und erm\u00f6glichen die regelm\u00e4\u00dfige Durchf\u00fchrung der von uns geplanten und organisierten <strong><a href=\"https:\/\/kleinkunst-in-manderscheid.de\/\">Veranstaltungen<\/a><\/strong>.<\/p>\n\n\n\n<p>Wenn Sie Fragen zu unserem Verein haben, k\u00f6nnen Sie jederzeit Kontakt zu uns aufnehmen, am besten \u00fcber unser <a href=\"https:\/\/kleinkunst-in-manderscheid.de\/?page_id=111\"><strong>Kontaktformular<\/strong>.<\/a><\/p>\n\n\n\n<p><p>F\u00fcr Schnellentschlossene haben wir eine <strong><a href=\"https:\/\/kleinkunst-in-manderscheid.de\/wp-content\/uploads\/2021\/03\/Anmeldeformular-KiM.pdf\">Beitrittserkl\u00e4rung<\/a><\/strong> und unsere <strong><a href=\"https:\/\/kleinkunst-in-manderscheid.de\/wp-content\/uploads\/2021\/03\/KiM-e.V.-Satzung_2008.pdf\">Vereinssatzung<\/a><\/strong> im PDF-Format hinterlegt, die Sie herunterladen k\u00f6nnen.&nbsp;<\/p>\n<p>&nbsp;<\/p><\/p>\n\n\n\n<h2 class=\"wp-block-heading\">Der Vorstand<\/h2>\n\n\n\n<p>Der Vorstand unseres Vereins setzt sich wie folgt zusammen:<br>&nbsp;<\/p>\n\n\n\n<figure class=\"wp-block-table\"><table><tbody><tr><td>1. Vorsitzender<\/td><td>Michael Moll<\/td><\/tr><tr><td>Kassierer<\/td><td>Herbert Boczian<\/td><\/tr><tr><td>Schriftf\u00fchrer<\/td><td>Hanne Boll<\/td><\/tr><tr><td>Beisitzer<\/td><td>Hildegard Moritz<br>Gunda Irle<\/td><\/tr><\/tbody><\/table><\/figure>\n\n\n\n<div style=\"height:40px\" aria-hidden=\"true\" class=\"wp-block-spacer\"><\/div>\n\n\n\n<div class=\"wp-block-buttons alignfull is-content-justification-center is-layout-flex wp-block-buttons-is-layout-flex\">\n<div class=\"wp-block-button\"><a class=\"wp-block-button__link\" href=\"https:\/\/kleinkunst-in-manderscheid.de\/wp-content\/uploads\/2021\/03\/KiM-e.V.-Satzung_2008.pdf\" target=\"_blank\" rel=\"noreferrer noopener\">Satzung herunterladen<\/a><\/div>\n\n\n\n<div class=\"wp-block-button\"><a class=\"wp-block-button__link has-background\" href=\"https:\/\/kleinkunst-in-manderscheid.de\/wp-content\/uploads\/2021\/03\/Anmeldeformular-KiM.pdf\" style=\"background-color:#ab000f\" target=\"_blank\" rel=\"noreferrer noopener\">Beitrittserkl\u00e4rung herunterladen<\/a><\/div>\n<\/div>\n\n\n\n<div style=\"height:40px\" aria-hidden=\"true\" class=\"wp-block-spacer\"><\/div>\n","protected":false},"excerpt":{"rendered":"<p>Der Verein macht es sich zur Aufgabe, kulturelle Veranstaltungen in Manderscheid zu unterst\u00fctzen, zu organisieren oder auch selber durchzuf\u00fchren, die<\/p>\n","protected":false},"author":1,"featured_media":0,"parent":0,"menu_order":0,"comment_status":"closed","ping_status":"closed","template":"","meta":{"colormag_page_container_layout":"default_layout","colormag_page_sidebar_layout":"default_layout","footnotes":""},"class_list":["post-8","page","type-page","status-publish","hentry"],"_links":{"self":[{"href":"https:\/\/kleinkunst-in-manderscheid.de\/index.php?rest_route=\/wp\/v2\/pages\/8","targetHints":{"allow":["GET"]}}],"collection":[{"href":"https:\/\/kleinkunst-in-manderscheid.de\/index.php?rest_route=\/wp\/v2\/pages"}],"about":[{"href":"https:\/\/kleinkunst-in-manderscheid.de\/index.php?rest_route=\/wp\/v2\/types\/page"}],"author":[{"embeddable":true,"href":"https:\/\/kleinkunst-in-manderscheid.de\/index.php?rest_route=\/wp\/v2\/users\/1"}],"replies":[{"embeddable":true,"href":"https:\/\/kleinkunst-in-manderscheid.de\/index.php?rest_route=%2Fwp%2Fv2%2Fcomments&post=8"}],"version-history":[{"count":18,"href":"https:\/\/kleinkunst-in-manderscheid.de\/index.php?rest_route=\/wp\/v2\/pages\/8\/revisions"}],"predecessor-version":[{"id":805,"href":"https:\/\/kleinkunst-in-manderscheid.de\/index.php?rest_route=\/wp\/v2\/pages\/8\/revisions\/805"}],"wp:attachment":[{"href":"https:\/\/kleinkunst-in-manderscheid.de\/index.php?rest_route=%2Fwp%2Fv2%2Fmedia&parent=8"}],"curies":[{"name":"wp","href":"https:\/\/api.w.org\/{rel}","templated":true}]}}